{"id":2043,"date":"2020-05-15T14:03:16","date_gmt":"2020-05-15T14:03:16","guid":{"rendered":"http:\/\/automotrizdelsur.com\/mazda\/?page_id=2043"},"modified":"2024-08-01T08:40:07","modified_gmt":"2024-08-01T13:40:07","slug":"pqrs","status":"publish","type":"page","link":"https:\/\/automotrizdelsur.com\/mazda\/pqrs\/","title":{"rendered":"PQRS"},"content":{"rendered":"<p>[et_pb_section fb_built=\u00bb1&#8243; _builder_version=\u00bb4.16&#8243; background_color=\u00bb#ffffff\u00bb background_image=\u00bbhttps:\/\/automotrizdelsur.com\/mazda\/wp-content\/uploads\/2020\/07\/FONDO-MAZDA-CARRO-BLANCO.jpg\u00bb custom_padding=\u00bb68px||68px||true|\u00bb global_colors_info=\u00bb{}\u00bb][et_pb_row custom_padding_last_edited=\u00bbon|phone\u00bb _builder_version=\u00bb4.16&#8243; background_color=\u00bb#191919&#8243; max_width=\u00bb1080px\u00bb custom_padding=\u00bb80px|80px|80px|80px|false|false\u00bb custom_padding_tablet=\u00bb\u00bb custom_padding_phone=\u00bb80px|40px|80px|40px|false|true\u00bb box_shadow_style=\u00bbpreset2&#8243; global_colors_info=\u00bb{}\u00bb][et_pb_column type=\u00bb4_4&#8243; _builder_version=\u00bb4.16&#8243; global_colors_info=\u00bb{}\u00bb][et_pb_text _builder_version=\u00bb4.16&#8243; text_font=\u00bbMazda Medium||||||||\u00bb text_text_color=\u00bb#b3b3b3&#8243; global_colors_info=\u00bb{}\u00bb]<\/p>\n<p><span><strong>MECANISMO DE ATENCI\u00d3N Y TR\u00c1MITE DE PETICIONES, QUEJAS Y RECLAMOS (PQR\u00b4s)<\/strong><\/span><\/p>\n<p>[\/et_pb_text][et_pb_text _builder_version=\u00bb4.22.2&#8243; text_font=\u00bbMazda Medium||||||||\u00bb text_text_color=\u00bb#8f8f8f\u00bb hover_enabled=\u00bb0&#8243; global_colors_info=\u00bb{}\u00bb sticky_enabled=\u00bb0&#8243;]<\/p>\n<p>Respetado Cliente:<br \/>Por disposici\u00f3n de la Superintendencia de Industria y Comercio (SIC), usted tiene derecho a presentar Peticiones, Quejas o Reclamos (PQR) por el presunto incumplimiento\u00a0 de los t\u00e9rminos y condiciones\u00a0 de calidad y garant\u00eda de los productos adquiridos\u00a0 y\/o los servicios prestados en este establecimiento. Para ello hemos implementado un Mecanismo de Atenci\u00f3n y Tr\u00e1mite de PQR, el cual podr\u00e1 hacer efectivo a trav\u00e9s de contacto con el Responsable<br \/>Local de este establecimiento, quien lo orientar\u00e1 personalmente durante el proceso. En caso de no obtener la atenci\u00f3n y asistencia necesarias y una vez agotada esta instancia, podr\u00e1 dirigirse al Responsable Institucional de AUTOMOTRIZ DEL SUR\u00a0 S.A.S., a trav\u00e9s del email: <a href=\"mailto:gservicio@autosur.com.co,\">gservicio@autosur.com.co,<\/a> o la l\u00ednea celular 3174040579<\/p>\n<p><span>Responsable Institucional: Servicio de Postventa: <strong>HERNAN PORTILLA \u00a0<\/strong><\/span><\/p>\n<p><span>Su PQR ser\u00e1 numerada consecutivamente y solucionada inicialmente en un t\u00e9rmino de cinco (5) d\u00edas h\u00e1biles. Por favor tenga presente que No se requiere presentar la inconformidad personalmente o a trav\u00e9s de abogado, puede hacerlo bien sea verbal o escrita,\u00a0 identificando correcta y completamente su veh\u00edculo, su inconformidad y su solicitud, as\u00ed como suministrarnos los correspondientes datos de contacto. En el evento que su queja no sea resuelta inicialmente en el plazo anterior, es nuestra obligaci\u00f3n resolverla en un plazo m\u00e1ximo que no puede superar los quince (15) d\u00edas h\u00e1biles contados a partir de la fecha de presentaci\u00f3n de la PQR.<\/span><\/p>\n<p><span>**Las normas de Protecci\u00f3n al Consumidor y los derechos que le asisten se encuentran en el t\u00edtulo VIII Cap. I Arts. 56 y siguientes de la Ley 1480 de<\/span><br \/><span>2011 (Estatuto del Consumidor), el decreto 735 de 2013, en la Circular \u00danica de la \u201cSIC\u201d y en la p\u00e1gina web www.sic.gov.co**<\/span><\/p>\n<p>[\/et_pb_text][\/et_pb_column][\/et_pb_row][\/et_pb_section][et_pb_section fb_built=\u00bb1&#8243; custom_padding_last_edited=\u00bbon|phone\u00bb _builder_version=\u00bb4.16&#8243; background_color=\u00bb#f3f3f3&#8243; background_image=\u00bbhttps:\/\/automotrizdelsur.com\/mazda\/wp-content\/uploads\/2020\/07\/FONDO-MAZDA-CARRO-NEGRO.jpg\u00bb custom_padding=\u00bb89px||89px||true|\u00bb custom_padding_tablet=\u00bb\u00bb custom_padding_phone=\u00bb50px||50px||true|true\u00bb global_colors_info=\u00bb{}\u00bb][et_pb_row custom_padding_last_edited=\u00bbon|phone\u00bb _builder_version=\u00bb4.16&#8243; background_color=\u00bb#ffffff\u00bb width=\u00bb60%\u00bb width_tablet=\u00bb\u00bb width_phone=\u00bb90%\u00bb width_last_edited=\u00bbon|phone\u00bb max_width=\u00bb1080px\u00bb custom_margin=\u00bb0px||0px||false|false\u00bb custom_padding=\u00bb90px|90px|90px|90px|false|true\u00bb custom_padding_tablet=\u00bb\u00bb custom_padding_phone=\u00bb90px|20px|90px|20px|false|false\u00bb global_colors_info=\u00bb{}\u00bb][et_pb_column type=\u00bb4_4&#8243; _builder_version=\u00bb4.16&#8243; custom_padding=\u00bb0px||0px||true|false\u00bb global_colors_info=\u00bb{}\u00bb][et_pb_text _builder_version=\u00bb4.16&#8243; header_2_font=\u00bbMazda Medium||||||||\u00bb header_2_text_color=\u00bb#242424&#8243; header_2_font_size=\u00bb20px\u00bb custom_margin=\u00bb||||false|false\u00bb global_colors_info=\u00bb{}\u00bb]<\/p>\n<h2 style=\"text-align: center;\"><span>Para automotriz del sur S.A.S. Es muy importante conocer su percepci\u00f3n de nuestros servicios. Agradecemos diligenciar el presente documento, sus observaciones ser\u00e1n atendidas en el menor tiempo posible.<\/span><\/h2>\n<p>[\/et_pb_text][et_pb_contact_form use_spam_service=\u00bbon\u00bb recaptcha_list=\u00bbfordpastocom V3-0&#8243; email=\u00bbjeburbano@autosur.com.co, mercadeodigital@autosur.com.co, fsolarte@autosur.com.co, ygarzon@autosur.com.co\u00bb title=\u00bbFORMULARIO PQRSF\u00bb custom_message=\u00bbFORMULARIO PQRSF||et_pb_line_break_holder||||et_pb_line_break_holder||%%nombre%%||et_pb_line_break_holder||%%correo%%||et_pb_line_break_holder||%%numero%%||et_pb_line_break_holder||%%cedula%%||et_pb_line_break_holder||%%opcion%%||et_pb_line_break_holder||%%ciudad%%||et_pb_line_break_holder||%%opcionb%%||et_pb_line_break_holder||%%placas%%||et_pb_line_break_holder||%%modelo%%||et_pb_line_break_holder||%%recepcion%%||et_pb_line_break_holder||%%ocurrencia%%||et_pb_line_break_holder||%%garantia%%||et_pb_line_break_holder||%%area%%||et_pb_line_break_holder||%%descripcion%%||et_pb_line_break_holder||%%politica%%||et_pb_line_break_holder||||et_pb_line_break_holder||Este mensaje ha sido enviado desde fordpasto.com\u00bb success_message=\u00bbSu formulario ha sido enviado, le daremos respuesta a la mayor brevedad posible.\u00bb submit_button_text=\u00bbEnviar \u00bb _builder_version=\u00bb4.22.2&#8243; _unique_id=\u00bb56610ab1-1ef8-403b-82cf-abe137e7f44a\u00bb form_field_custom_margin=\u00bb||||false|false\u00bb title_font=\u00bbMazda Medium||||||||\u00bb title_text_color=\u00bb#242424&#8243; title_font_size=\u00bb20px\u00bb title_line_height=\u00bb2.1em\u00bb custom_button=\u00bbon\u00bb button_text_color=\u00bb#ffffff\u00bb button_bg_color=\u00bb#191919&#8243; button_border_width=\u00bb0px\u00bb button_border_radius=\u00bb0px\u00bb button_font=\u00bbMazda Medium||||||||\u00bb button_use_icon=\u00bboff\u00bb custom_padding=\u00bb0px||||false|false\u00bb button_letter_spacing_last_edited=\u00bboff|desktop\u00bb global_colors_info=\u00bb{}\u00bb button_bg_color__hover_enabled=\u00bbon|hover\u00bb button_bg_color__hover=\u00bb#910a2d\u00bb button_bg_enable_color__hover=\u00bbon\u00bb button_letter_spacing__hover_enabled=\u00bbon|hover\u00bb button_letter_spacing__hover=\u00bb2px\u00bb][et_pb_contact_field field_id=\u00bbnombre\u00bb field_title=\u00bbNombre:\u00bb allowed_symbols=\u00bbletters\u00bb _builder_version=\u00bb4.16&#8243; global_colors_info=\u00bb{}\u00bb button_text_size__hover_enabled=\u00bboff\u00bb button_one_text_size__hover_enabled=\u00bboff\u00bb button_two_text_size__hover_enabled=\u00bboff\u00bb button_text_color__hover_enabled=\u00bboff\u00bb button_one_text_color__hover_enabled=\u00bboff\u00bb button_two_text_color__hover_enabled=\u00bboff\u00bb button_border_width__hover_enabled=\u00bboff\u00bb button_one_border_width__hover_enabled=\u00bboff\u00bb button_two_border_width__hover_enabled=\u00bboff\u00bb button_border_color__hover_enabled=\u00bboff\u00bb button_one_border_color__hover_enabled=\u00bboff\u00bb button_two_border_color__hover_enabled=\u00bboff\u00bb button_border_radius__hover_enabled=\u00bboff\u00bb button_one_border_radius__hover_enabled=\u00bboff\u00bb button_two_border_radius__hover_enabled=\u00bboff\u00bb button_letter_spacing__hover_enabled=\u00bboff\u00bb button_one_letter_spacing__hover_enabled=\u00bboff\u00bb button_two_letter_spacing__hover_enabled=\u00bboff\u00bb button_bg_color__hover_enabled=\u00bboff\u00bb button_one_bg_color__hover_enabled=\u00bboff\u00bb button_two_bg_color__hover_enabled=\u00bboff\u00bb][\/et_pb_contact_field][et_pb_contact_field field_id=\u00bbcorreo\u00bb field_title=\u00bbCorreo electr\u00f3nico:\u00bb field_type=\u00bbemail\u00bb _builder_version=\u00bb4.16&#8243; global_colors_info=\u00bb{}\u00bb button_text_size__hover_enabled=\u00bboff\u00bb button_one_text_size__hover_enabled=\u00bboff\u00bb button_two_text_size__hover_enabled=\u00bboff\u00bb button_text_color__hover_enabled=\u00bboff\u00bb button_one_text_color__hover_enabled=\u00bboff\u00bb button_two_text_color__hover_enabled=\u00bboff\u00bb button_border_width__hover_enabled=\u00bboff\u00bb button_one_border_width__hover_enabled=\u00bboff\u00bb button_two_border_width__hover_enabled=\u00bboff\u00bb button_border_color__hover_enabled=\u00bboff\u00bb button_one_border_color__hover_enabled=\u00bboff\u00bb button_two_border_color__hover_enabled=\u00bboff\u00bb button_border_radius__hover_enabled=\u00bboff\u00bb button_one_border_radius__hover_enabled=\u00bboff\u00bb button_two_border_radius__hover_enabled=\u00bboff\u00bb button_letter_spacing__hover_enabled=\u00bboff\u00bb button_one_letter_spacing__hover_enabled=\u00bboff\u00bb button_two_letter_spacing__hover_enabled=\u00bboff\u00bb button_bg_color__hover_enabled=\u00bboff\u00bb button_one_bg_color__hover_enabled=\u00bboff\u00bb button_two_bg_color__hover_enabled=\u00bboff\u00bb][\/et_pb_contact_field][et_pb_contact_field field_id=\u00bbnumero\u00bb field_title=\u00bbTel\u00e9fono Fijo \/ Celular \/ Whatsapp (requerido)\u00bb _builder_version=\u00bb4.16&#8243; global_colors_info=\u00bb{}\u00bb button_text_size__hover_enabled=\u00bboff\u00bb button_one_text_size__hover_enabled=\u00bboff\u00bb button_two_text_size__hover_enabled=\u00bboff\u00bb button_text_color__hover_enabled=\u00bboff\u00bb button_one_text_color__hover_enabled=\u00bboff\u00bb button_two_text_color__hover_enabled=\u00bboff\u00bb button_border_width__hover_enabled=\u00bboff\u00bb button_one_border_width__hover_enabled=\u00bboff\u00bb button_two_border_width__hover_enabled=\u00bboff\u00bb button_border_color__hover_enabled=\u00bboff\u00bb button_one_border_color__hover_enabled=\u00bboff\u00bb button_two_border_color__hover_enabled=\u00bboff\u00bb button_border_radius__hover_enabled=\u00bboff\u00bb button_one_border_radius__hover_enabled=\u00bboff\u00bb button_two_border_radius__hover_enabled=\u00bboff\u00bb button_letter_spacing__hover_enabled=\u00bboff\u00bb button_one_letter_spacing__hover_enabled=\u00bboff\u00bb button_two_letter_spacing__hover_enabled=\u00bboff\u00bb button_bg_color__hover_enabled=\u00bboff\u00bb button_one_bg_color__hover_enabled=\u00bboff\u00bb button_two_bg_color__hover_enabled=\u00bboff\u00bb][\/et_pb_contact_field][et_pb_contact_field field_id=\u00bbcedula\u00bb field_title=\u00bbC.C \/ NIT (requerido)\u00bb _builder_version=\u00bb4.16&#8243; global_colors_info=\u00bb{}\u00bb button_text_size__hover_enabled=\u00bboff\u00bb button_one_text_size__hover_enabled=\u00bboff\u00bb button_two_text_size__hover_enabled=\u00bboff\u00bb button_text_color__hover_enabled=\u00bboff\u00bb button_one_text_color__hover_enabled=\u00bboff\u00bb button_two_text_color__hover_enabled=\u00bboff\u00bb button_border_width__hover_enabled=\u00bboff\u00bb button_one_border_width__hover_enabled=\u00bboff\u00bb button_two_border_width__hover_enabled=\u00bboff\u00bb button_border_color__hover_enabled=\u00bboff\u00bb button_one_border_color__hover_enabled=\u00bboff\u00bb button_two_border_color__hover_enabled=\u00bboff\u00bb button_border_radius__hover_enabled=\u00bboff\u00bb button_one_border_radius__hover_enabled=\u00bboff\u00bb button_two_border_radius__hover_enabled=\u00bboff\u00bb button_letter_spacing__hover_enabled=\u00bboff\u00bb button_one_letter_spacing__hover_enabled=\u00bboff\u00bb button_two_letter_spacing__hover_enabled=\u00bboff\u00bb button_bg_color__hover_enabled=\u00bboff\u00bb button_one_bg_color__hover_enabled=\u00bboff\u00bb button_two_bg_color__hover_enabled=\u00bboff\u00bb][\/et_pb_contact_field][et_pb_contact_field field_id=\u00bbopcion\u00bb field_title=\u00bbSeleccione una opci\u00f3n \u00bb field_type=\u00bbselect\u00bb select_options=\u00bb%91{%22value%22:%22Petici\u00f3n%22,%22checked%22:0,%22dragID%22:-1},{%22value%22:%22Queja%22,%22checked%22:0,%22dragID%22:0},{%22value%22:%22Reclamo%22,%22checked%22:0,%22dragID%22:1},{%22value%22:%22Sugerencia%22,%22checked%22:0,%22dragID%22:2},{%22value%22:%22Felicitaci\u00f3n%22,%22checked%22:0,%22dragID%22:3}%93&#8243; fullwidth_field=\u00bbon\u00bb _builder_version=\u00bb4.16&#8243; global_colors_info=\u00bb{}\u00bb][\/et_pb_contact_field][et_pb_contact_field field_id=\u00bbciudad\u00bb field_title=\u00bbCiudad (requerido)\u00bb fullwidth_field=\u00bbon\u00bb _builder_version=\u00bb4.16&#8243; global_colors_info=\u00bb{}\u00bb][\/et_pb_contact_field][et_pb_contact_field field_id=\u00bbopcionb\u00bb field_title=\u00bbSeleccione una opci\u00f3n \u00bb field_type=\u00bbselect\u00bb select_options=\u00bb%91{%22value%22:%22Propietario de veh\u00edculo%22,%22checked%22:0,%22dragID%22:-1},{%22value%22:%22Usuario de veh\u00edculo%22,%22checked%22:0,%22dragID%22:0}%93&#8243; fullwidth_field=\u00bbon\u00bb _builder_version=\u00bb4.16&#8243; global_colors_info=\u00bb{}\u00bb][\/et_pb_contact_field][et_pb_contact_field field_id=\u00bbplacas\u00bb field_title=\u00bbPlacas (requerido)\u00bb allowed_symbols=\u00bbalphanumeric\u00bb _builder_version=\u00bb4.16&#8243; global_colors_info=\u00bb{}\u00bb button_text_size__hover_enabled=\u00bboff\u00bb button_one_text_size__hover_enabled=\u00bboff\u00bb button_two_text_size__hover_enabled=\u00bboff\u00bb button_text_color__hover_enabled=\u00bboff\u00bb button_one_text_color__hover_enabled=\u00bboff\u00bb button_two_text_color__hover_enabled=\u00bboff\u00bb button_border_width__hover_enabled=\u00bboff\u00bb button_one_border_width__hover_enabled=\u00bboff\u00bb button_two_border_width__hover_enabled=\u00bboff\u00bb button_border_color__hover_enabled=\u00bboff\u00bb button_one_border_color__hover_enabled=\u00bboff\u00bb button_two_border_color__hover_enabled=\u00bboff\u00bb button_border_radius__hover_enabled=\u00bboff\u00bb button_one_border_radius__hover_enabled=\u00bboff\u00bb button_two_border_radius__hover_enabled=\u00bboff\u00bb button_letter_spacing__hover_enabled=\u00bboff\u00bb button_one_letter_spacing__hover_enabled=\u00bboff\u00bb button_two_letter_spacing__hover_enabled=\u00bboff\u00bb button_bg_color__hover_enabled=\u00bboff\u00bb button_one_bg_color__hover_enabled=\u00bboff\u00bb button_two_bg_color__hover_enabled=\u00bboff\u00bb][\/et_pb_contact_field][et_pb_contact_field field_id=\u00bbmodelo\u00bb field_title=\u00bbModelo (requerido)\u00bb _builder_version=\u00bb4.16&#8243; global_colors_info=\u00bb{}\u00bb button_text_size__hover_enabled=\u00bboff\u00bb button_one_text_size__hover_enabled=\u00bboff\u00bb button_two_text_size__hover_enabled=\u00bboff\u00bb button_text_color__hover_enabled=\u00bboff\u00bb button_one_text_color__hover_enabled=\u00bboff\u00bb button_two_text_color__hover_enabled=\u00bboff\u00bb button_border_width__hover_enabled=\u00bboff\u00bb button_one_border_width__hover_enabled=\u00bboff\u00bb button_two_border_width__hover_enabled=\u00bboff\u00bb button_border_color__hover_enabled=\u00bboff\u00bb button_one_border_color__hover_enabled=\u00bboff\u00bb button_two_border_color__hover_enabled=\u00bboff\u00bb button_border_radius__hover_enabled=\u00bboff\u00bb button_one_border_radius__hover_enabled=\u00bboff\u00bb button_two_border_radius__hover_enabled=\u00bboff\u00bb button_letter_spacing__hover_enabled=\u00bboff\u00bb button_one_letter_spacing__hover_enabled=\u00bboff\u00bb button_two_letter_spacing__hover_enabled=\u00bboff\u00bb button_bg_color__hover_enabled=\u00bboff\u00bb button_one_bg_color__hover_enabled=\u00bboff\u00bb button_two_bg_color__hover_enabled=\u00bboff\u00bb][\/et_pb_contact_field][et_pb_contact_field field_id=\u00bbrecepcion\u00bb field_title=\u00bbFecha de recepci\u00f3n\u00bb required_mark=\u00bboff\u00bb _builder_version=\u00bb4.16&#8243; global_colors_info=\u00bb{}\u00bb button_text_size__hover_enabled=\u00bboff\u00bb button_one_text_size__hover_enabled=\u00bboff\u00bb button_two_text_size__hover_enabled=\u00bboff\u00bb button_text_color__hover_enabled=\u00bboff\u00bb button_one_text_color__hover_enabled=\u00bboff\u00bb button_two_text_color__hover_enabled=\u00bboff\u00bb button_border_width__hover_enabled=\u00bboff\u00bb button_one_border_width__hover_enabled=\u00bboff\u00bb button_two_border_width__hover_enabled=\u00bboff\u00bb button_border_color__hover_enabled=\u00bboff\u00bb button_one_border_color__hover_enabled=\u00bboff\u00bb button_two_border_color__hover_enabled=\u00bboff\u00bb button_border_radius__hover_enabled=\u00bboff\u00bb button_one_border_radius__hover_enabled=\u00bboff\u00bb button_two_border_radius__hover_enabled=\u00bboff\u00bb button_letter_spacing__hover_enabled=\u00bboff\u00bb button_one_letter_spacing__hover_enabled=\u00bboff\u00bb button_two_letter_spacing__hover_enabled=\u00bboff\u00bb button_bg_color__hover_enabled=\u00bboff\u00bb button_one_bg_color__hover_enabled=\u00bboff\u00bb button_two_bg_color__hover_enabled=\u00bboff\u00bb][\/et_pb_contact_field][et_pb_contact_field field_id=\u00bbocurrencia\u00bb field_title=\u00bbFecha de ocurrencia\u00bb required_mark=\u00bboff\u00bb _builder_version=\u00bb4.16&#8243; global_colors_info=\u00bb{}\u00bb button_text_size__hover_enabled=\u00bboff\u00bb button_one_text_size__hover_enabled=\u00bboff\u00bb button_two_text_size__hover_enabled=\u00bboff\u00bb button_text_color__hover_enabled=\u00bboff\u00bb button_one_text_color__hover_enabled=\u00bboff\u00bb button_two_text_color__hover_enabled=\u00bboff\u00bb button_border_width__hover_enabled=\u00bboff\u00bb button_one_border_width__hover_enabled=\u00bboff\u00bb button_two_border_width__hover_enabled=\u00bboff\u00bb button_border_color__hover_enabled=\u00bboff\u00bb button_one_border_color__hover_enabled=\u00bboff\u00bb button_two_border_color__hover_enabled=\u00bboff\u00bb button_border_radius__hover_enabled=\u00bboff\u00bb button_one_border_radius__hover_enabled=\u00bboff\u00bb button_two_border_radius__hover_enabled=\u00bboff\u00bb button_letter_spacing__hover_enabled=\u00bboff\u00bb button_one_letter_spacing__hover_enabled=\u00bboff\u00bb button_two_letter_spacing__hover_enabled=\u00bboff\u00bb button_bg_color__hover_enabled=\u00bboff\u00bb button_one_bg_color__hover_enabled=\u00bboff\u00bb button_two_bg_color__hover_enabled=\u00bboff\u00bb][\/et_pb_contact_field][et_pb_contact_field field_id=\u00bbgarantia\u00bb field_title=\u00bbVeh\u00edculo en garant\u00eda (requerido)\u00bb field_type=\u00bbselect\u00bb select_options=\u00bb%91{%22value%22:%22Si%22,%22checked%22:0,%22dragID%22:-1},{%22value%22:%22No%22,%22checked%22:0,%22dragID%22:0}%93&#8243; required_mark=\u00bboff\u00bb fullwidth_field=\u00bbon\u00bb _builder_version=\u00bb4.16&#8243; global_colors_info=\u00bb{}\u00bb][\/et_pb_contact_field][et_pb_contact_field field_id=\u00bbarea\u00bb field_title=\u00bb\u00c1rea de atenci\u00f3n\u00bb field_type=\u00bbselect\u00bb select_options=\u00bb%91{%22value%22:%22Taller de servicio%22,%22checked%22:0,%22dragID%22:-1},{%22value%22:%22Ventas%22,%22checked%22:0,%22dragID%22:0},{%22value%22:%22Repuestos%22,%22checked%22:0,%22dragID%22:1}%93&#8243; fullwidth_field=\u00bbon\u00bb _builder_version=\u00bb4.16&#8243; global_colors_info=\u00bb{}\u00bb][\/et_pb_contact_field][et_pb_contact_field field_id=\u00bbdescripcion\u00bb field_title=\u00bbDescripci\u00f3n (requerido)\u00bb field_type=\u00bbtext\u00bb fullwidth_field=\u00bbon\u00bb _builder_version=\u00bb4.16&#8243; global_colors_info=\u00bb{}\u00bb button_text_size__hover_enabled=\u00bboff\u00bb button_one_text_size__hover_enabled=\u00bboff\u00bb button_two_text_size__hover_enabled=\u00bboff\u00bb button_text_color__hover_enabled=\u00bboff\u00bb button_one_text_color__hover_enabled=\u00bboff\u00bb button_two_text_color__hover_enabled=\u00bboff\u00bb button_border_width__hover_enabled=\u00bboff\u00bb button_one_border_width__hover_enabled=\u00bboff\u00bb button_two_border_width__hover_enabled=\u00bboff\u00bb button_border_color__hover_enabled=\u00bboff\u00bb button_one_border_color__hover_enabled=\u00bboff\u00bb button_two_border_color__hover_enabled=\u00bboff\u00bb button_border_radius__hover_enabled=\u00bboff\u00bb button_one_border_radius__hover_enabled=\u00bboff\u00bb button_two_border_radius__hover_enabled=\u00bboff\u00bb button_letter_spacing__hover_enabled=\u00bboff\u00bb button_one_letter_spacing__hover_enabled=\u00bboff\u00bb button_two_letter_spacing__hover_enabled=\u00bboff\u00bb button_bg_color__hover_enabled=\u00bboff\u00bb button_one_bg_color__hover_enabled=\u00bboff\u00bb button_two_bg_color__hover_enabled=\u00bboff\u00bb][\/et_pb_contact_field][et_pb_contact_field field_id=\u00bbPolitica\u00bb field_title=\u00bbAutomotriz del Sur\u00bb field_type=\u00bbcheckbox\u00bb checkbox_options=\u00bb%91{%22value%22:%22He le\u00eddo y acepto la pol\u00edtica de tratamiento de datos personales%22,%22checked%22:0,%22dragID%22:-1,%22link_url%22:%22https:\/\/automotrizdelsur.com\/mazda\/wp-content\/uploads\/2024\/01\/MANUAL-DE-POLITICAS-DE-PROTECCION-DE-DATOS-PERSONALES-AUTOMOTRIZ-01-DE-ENERO-2024-v15-1.pdf%22,%22link_text%22:%22%22}%93&#8243; fullwidth_field=\u00bbon\u00bb _builder_version=\u00bb4.22.2&#8243; form_field_background_color=\u00bb#cecece\u00bb global_colors_info=\u00bb{}\u00bb][\/et_pb_contact_field][\/et_pb_contact_form][\/et_pb_column][\/et_pb_row][\/et_pb_section]<\/p>\n","protected":false},"excerpt":{"rendered":"<p>MECANISMO DE ATENCI\u00d3N Y TR\u00c1MITE DE PETICIONES, QUEJAS Y RECLAMOS (PQR\u00b4s)Respetado Cliente:Por disposici\u00f3n de la Superintendencia de Industria y Comercio (SIC), usted tiene derecho a presentar Peticiones, Quejas o Reclamos (PQR) por el presunto incumplimiento\u00a0 de los t\u00e9rminos y condiciones\u00a0 de calidad y garant\u00eda de los productos adquiridos\u00a0 y\/o los servicios prestados en este establecimiento. [&hellip;]<\/p>\n","protected":false},"author":1,"featured_media":0,"parent":0,"menu_order":0,"comment_status":"closed","ping_status":"closed","template":"","meta":{"_et_pb_use_builder":"on","_et_pb_old_content":"","_et_gb_content_width":"","footnotes":""},"class_list":["post-2043","page","type-page","status-publish","hentry"],"_links":{"self":[{"href":"https:\/\/automotrizdelsur.com\/mazda\/wp-json\/wp\/v2\/pages\/2043","targetHints":{"allow":["GET"]}}],"collection":[{"href":"https:\/\/automotrizdelsur.com\/mazda\/wp-json\/wp\/v2\/pages"}],"about":[{"href":"https:\/\/automotrizdelsur.com\/mazda\/wp-json\/wp\/v2\/types\/page"}],"author":[{"embeddable":true,"href":"https:\/\/automotrizdelsur.com\/mazda\/wp-json\/wp\/v2\/users\/1"}],"replies":[{"embeddable":true,"href":"https:\/\/automotrizdelsur.com\/mazda\/wp-json\/wp\/v2\/comments?post=2043"}],"version-history":[{"count":33,"href":"https:\/\/automotrizdelsur.com\/mazda\/wp-json\/wp\/v2\/pages\/2043\/revisions"}],"predecessor-version":[{"id":5896,"href":"https:\/\/automotrizdelsur.com\/mazda\/wp-json\/wp\/v2\/pages\/2043\/revisions\/5896"}],"wp:attachment":[{"href":"https:\/\/automotrizdelsur.com\/mazda\/wp-json\/wp\/v2\/media?parent=2043"}],"curies":[{"name":"wp","href":"https:\/\/api.w.org\/{rel}","templated":true}]}}