{"id":2098,"date":"2020-05-15T17:53:24","date_gmt":"2020-05-15T17:53:24","guid":{"rendered":"http:\/\/automotrizdelsur.com\/mazda\/?page_id=2098"},"modified":"2020-11-10T10:58:52","modified_gmt":"2020-11-10T15:58:52","slug":"prueba-de-manejo","status":"publish","type":"page","link":"https:\/\/automotrizdelsur.com\/mazda\/prueba-de-manejo\/","title":{"rendered":"Prueba de manejo"},"content":{"rendered":"<p>[et_pb_section fb_built=\u00bb1&#8243; admin_label=\u00bbFooter\u00bb _builder_version=\u00bb4.4.8&#8243; background_color=\u00bb#496171&#8243; background_image=\u00bbhttp:\/\/automotrizdelsur.com\/mazda\/wp-content\/uploads\/2020\/07\/FONDO-MAZDA-NEGRO.jpg\u00bb custom_padding=\u00bb75px||90px|||\u00bb saved_tabs=\u00bball\u00bb][et_pb_row use_custom_gutter=\u00bbon\u00bb gutter_width=\u00bb2&#8243; make_equal=\u00bbon\u00bb custom_padding_last_edited=\u00bbon|phone\u00bb _builder_version=\u00bb4.4.8&#8243; background_color=\u00bbrgba(0,0,0,0)\u00bb background_size=\u00bbinitial\u00bb background_position=\u00bbtop_left\u00bb background_repeat=\u00bbrepeat\u00bb width=\u00bb64%\u00bb width_tablet=\u00bb\u00bb width_phone=\u00bb85%\u00bb width_last_edited=\u00bbon|phone\u00bb max_width=\u00bb1260px\u00bb custom_padding=\u00bb0px|0px|30px|||\u00bb custom_padding_tablet=\u00bb\u00bb custom_padding_phone=\u00bb0px|0px|0px||true|false\u00bb][et_pb_column type=\u00bb4_4&#8243; _builder_version=\u00bb4.4.8&#8243; background_color=\u00bbrgba(0,0,0,0)\u00bb background_position=\u00bbtop_left\u00bb custom_padding=\u00bb50px|40px|50px|40px\u00bb custom_padding_tablet=\u00bb\u00bb custom_padding_phone=\u00bb|0px||0px|false|false\u00bb custom_padding_last_edited=\u00bbon|phone\u00bb custom_padding__hover=\u00bb|||\u00bb][et_pb_text _builder_version=\u00bb4.4.8&#8243; text_font=\u00bbMazda Bold||||||||\u00bb text_text_color=\u00bb#d6d6d6&#8243; text_font_size=\u00bb24px\u00bb text_line_height=\u00bb0.9em\u00bb header_font=\u00bbFord Antenna LIGHT||||||||\u00bb header_text_color=\u00bb#2d96cd\u00bb header_font_size=\u00bb27px\u00bb]<\/p>\n<p style=\"text-align: center;\">Agenda tu Test drive Mazda<\/p>\n<p style=\"text-align: center;\"><span>Un asesor de Automotriz del Sur te contactar\u00e1.<\/span><\/p>\n<p>[\/et_pb_text][et_pb_text _builder_version=\u00bb4.4.8&#8243; text_font_size=\u00bb24px\u00bb header_font=\u00bbMazda Medium||||||||\u00bb header_text_align=\u00bbcenter\u00bb header_text_color=\u00bb#8f8f8f\u00bb header_font_size=\u00bb19px\u00bb custom_margin=\u00bb52px|||||\u00bb]<\/p>\n<h1>(Aplica s\u00f3lo para los veh\u00edculos Mazda 3 &#8211; Mazda CX- 5 Mazda CX-30)<\/h1>\n<p>[\/et_pb_text][et_pb_contact_form use_spam_service=\u00bbon\u00bb recaptcha_list=\u00bbfordpastocom V3-0&#8243; email=\u00bbjeburbano@autosur.com.co, mercadeodigital@autosur.com.co\u00bb custom_message=\u00bbNombre  %%Name%%||et_pb_line_break_holder||Tel\u00e9fono %%Tel%%||et_pb_line_break_holder||Correo electr\u00f3nico %%Email%%||et_pb_line_break_holder||Mensaje %%Message%%||et_pb_line_break_holder||||et_pb_line_break_holder||Este mensaje ha sido enviado desde fordpasto.com\u00bb success_message=\u00bbSu formulario ha sido enviado, le daremos respuesta a la mayor brevedad posible.\u00bb submit_button_text=\u00bbSolicitar Test Drive\u00bb _builder_version=\u00bb4.4.8&#8243; form_field_background_color=\u00bb#242424&#8243; form_field_text_color=\u00bb#8f8f8f\u00bb form_field_custom_margin=\u00bb0px||10px|0px|false|false\u00bb form_field_custom_padding=\u00bb11px||10px||false|false\u00bb title_font=\u00bbMazda Medium||||||||\u00bb title_text_color=\u00bb#2d96cd\u00bb title_font_size=\u00bb23px\u00bb title_line_height=\u00bb1.3em\u00bb form_field_font_size=\u00bb14px\u00bb form_field_line_height=\u00bb1.4em\u00bb custom_button=\u00bbon\u00bb button_text_color=\u00bb#ffffff\u00bb button_bg_color=\u00bb#242424&#8243; button_border_width=\u00bb0px\u00bb button_border_radius=\u00bb0px\u00bb button_letter_spacing=\u00bb0px\u00bb button_font=\u00bbMazda Medium||||||||\u00bb button_use_icon=\u00bboff\u00bb custom_margin=\u00bb||||false|false\u00bb hover_enabled=\u00bb0&#8243; button_bg_color_tablet=\u00bb\u00bb button_bg_color_phone=\u00bb\u00bb button_bg_color_last_edited=\u00bbon|desktop\u00bb button_bg_color__hover_enabled=\u00bbon|hover\u00bb button_bg_color__hover=\u00bb#91192f\u00bb button_bg_enable_color__hover=\u00bbon\u00bb button_letter_spacing__hover_enabled=\u00bbon|hover\u00bb button_letter_spacing__hover=\u00bb1px\u00bb][et_pb_contact_field field_id=\u00bbNombre\u00bb field_title=\u00bbNombre: (requerido)\u00bb allowed_symbols=\u00bbletters\u00bb fullwidth_field=\u00bbon\u00bb _builder_version=\u00bb4.4.4&#8243;][\/et_pb_contact_field][et_pb_contact_field field_id=\u00bbMail\u00bb field_title=\u00bbCorreo electr\u00f3nico (requerido)\u00bb field_type=\u00bbemail\u00bb _builder_version=\u00bb4.4.4&#8243; button_text_size__hover_enabled=\u00bboff\u00bb button_one_text_size__hover_enabled=\u00bboff\u00bb button_two_text_size__hover_enabled=\u00bboff\u00bb button_text_color__hover_enabled=\u00bboff\u00bb button_one_text_color__hover_enabled=\u00bboff\u00bb button_two_text_color__hover_enabled=\u00bboff\u00bb button_border_width__hover_enabled=\u00bboff\u00bb button_one_border_width__hover_enabled=\u00bboff\u00bb button_two_border_width__hover_enabled=\u00bboff\u00bb button_border_color__hover_enabled=\u00bboff\u00bb button_one_border_color__hover_enabled=\u00bboff\u00bb button_two_border_color__hover_enabled=\u00bboff\u00bb button_border_radius__hover_enabled=\u00bboff\u00bb button_one_border_radius__hover_enabled=\u00bboff\u00bb button_two_border_radius__hover_enabled=\u00bboff\u00bb button_letter_spacing__hover_enabled=\u00bboff\u00bb button_one_letter_spacing__hover_enabled=\u00bboff\u00bb button_two_letter_spacing__hover_enabled=\u00bboff\u00bb button_bg_color__hover_enabled=\u00bboff\u00bb button_one_bg_color__hover_enabled=\u00bboff\u00bb button_two_bg_color__hover_enabled=\u00bboff\u00bb][\/et_pb_contact_field][et_pb_contact_field field_id=\u00bbcel\u00bb field_title=\u00bbTel\u00e9fono Fijo \/ Celular \/ Whatsapp (requerido)\u00bb allowed_symbols=\u00bbnumbers\u00bb _builder_version=\u00bb4.4.4&#8243; button_text_size__hover_enabled=\u00bboff\u00bb button_one_text_size__hover_enabled=\u00bboff\u00bb button_two_text_size__hover_enabled=\u00bboff\u00bb button_text_color__hover_enabled=\u00bboff\u00bb button_one_text_color__hover_enabled=\u00bboff\u00bb button_two_text_color__hover_enabled=\u00bboff\u00bb button_border_width__hover_enabled=\u00bboff\u00bb button_one_border_width__hover_enabled=\u00bboff\u00bb button_two_border_width__hover_enabled=\u00bboff\u00bb button_border_color__hover_enabled=\u00bboff\u00bb button_one_border_color__hover_enabled=\u00bboff\u00bb button_two_border_color__hover_enabled=\u00bboff\u00bb button_border_radius__hover_enabled=\u00bboff\u00bb button_one_border_radius__hover_enabled=\u00bboff\u00bb button_two_border_radius__hover_enabled=\u00bboff\u00bb button_letter_spacing__hover_enabled=\u00bboff\u00bb button_one_letter_spacing__hover_enabled=\u00bboff\u00bb button_two_letter_spacing__hover_enabled=\u00bboff\u00bb button_bg_color__hover_enabled=\u00bboff\u00bb button_one_bg_color__hover_enabled=\u00bboff\u00bb button_two_bg_color__hover_enabled=\u00bboff\u00bb][\/et_pb_contact_field][et_pb_contact_field field_id=\u00bbC\u00e9dula\u00bb field_title=\u00bbC\u00e9dula\u00bb max_length=\u00bb10&#8243; allowed_symbols=\u00bbnumbers\u00bb _builder_version=\u00bb4.4.4&#8243; button_text_size__hover_enabled=\u00bboff\u00bb button_one_text_size__hover_enabled=\u00bboff\u00bb button_two_text_size__hover_enabled=\u00bboff\u00bb button_text_color__hover_enabled=\u00bboff\u00bb button_one_text_color__hover_enabled=\u00bboff\u00bb button_two_text_color__hover_enabled=\u00bboff\u00bb button_border_width__hover_enabled=\u00bboff\u00bb button_one_border_width__hover_enabled=\u00bboff\u00bb button_two_border_width__hover_enabled=\u00bboff\u00bb button_border_color__hover_enabled=\u00bboff\u00bb button_one_border_color__hover_enabled=\u00bboff\u00bb button_two_border_color__hover_enabled=\u00bboff\u00bb button_border_radius__hover_enabled=\u00bboff\u00bb button_one_border_radius__hover_enabled=\u00bboff\u00bb button_two_border_radius__hover_enabled=\u00bboff\u00bb button_letter_spacing__hover_enabled=\u00bboff\u00bb button_one_letter_spacing__hover_enabled=\u00bboff\u00bb button_two_letter_spacing__hover_enabled=\u00bboff\u00bb button_bg_color__hover_enabled=\u00bboff\u00bb button_one_bg_color__hover_enabled=\u00bboff\u00bb button_two_bg_color__hover_enabled=\u00bboff\u00bb][\/et_pb_contact_field][et_pb_contact_field field_id=\u00bbCiudad\u00bb field_title=\u00bbCiudad (requerido)\u00bb field_type=\u00bbemail\u00bb _builder_version=\u00bb4.4.4&#8243; button_text_size__hover_enabled=\u00bboff\u00bb button_one_text_size__hover_enabled=\u00bboff\u00bb button_two_text_size__hover_enabled=\u00bboff\u00bb button_text_color__hover_enabled=\u00bboff\u00bb button_one_text_color__hover_enabled=\u00bboff\u00bb button_two_text_color__hover_enabled=\u00bboff\u00bb button_border_width__hover_enabled=\u00bboff\u00bb button_one_border_width__hover_enabled=\u00bboff\u00bb button_two_border_width__hover_enabled=\u00bboff\u00bb button_border_color__hover_enabled=\u00bboff\u00bb button_one_border_color__hover_enabled=\u00bboff\u00bb button_two_border_color__hover_enabled=\u00bboff\u00bb button_border_radius__hover_enabled=\u00bboff\u00bb button_one_border_radius__hover_enabled=\u00bboff\u00bb button_two_border_radius__hover_enabled=\u00bboff\u00bb button_letter_spacing__hover_enabled=\u00bboff\u00bb button_one_letter_spacing__hover_enabled=\u00bboff\u00bb button_two_letter_spacing__hover_enabled=\u00bboff\u00bb button_bg_color__hover_enabled=\u00bboff\u00bb button_one_bg_color__hover_enabled=\u00bboff\u00bb button_two_bg_color__hover_enabled=\u00bboff\u00bb][\/et_pb_contact_field][et_pb_contact_field field_id=\u00bbVeh\u00edculo\u00bb field_title=\u00bbVeh\u00edculo \u00bb field_type=\u00bbselect\u00bb select_options=\u00bb%91{%22value%22:%22MAZDA 3%22,%22checked%22:0,%22dragID%22:-1},{%22value%22:%22MAZDA CX-5%22,%22checked%22:0,%22dragID%22:0},{%22value%22:%22MAZDA CX-30%22,%22checked%22:0,%22dragID%22:1}%93&#8243; fullwidth_field=\u00bbon\u00bb _builder_version=\u00bb4.4.8&#8243;][\/et_pb_contact_field][et_pb_contact_field field_id=\u00bbFecha\u00bb field_title=\u00bbFecha para Prueba (opcional)\u00bb allowed_symbols=\u00bbnumbers\u00bb required_mark=\u00bboff\u00bb fullwidth_field=\u00bbon\u00bb _builder_version=\u00bb4.4.4&#8243;][\/et_pb_contact_field][et_pb_contact_field field_id=\u00bbMensaje\u00bb field_title=\u00bbMensaje (opcional)\u00bb field_type=\u00bbtext\u00bb required_mark=\u00bboff\u00bb fullwidth_field=\u00bbon\u00bb _builder_version=\u00bb4.4.4&#8243; form_field_line_height=\u00bb1.7em\u00bb button_text_size__hover_enabled=\u00bboff\u00bb button_one_text_size__hover_enabled=\u00bboff\u00bb button_two_text_size__hover_enabled=\u00bboff\u00bb button_text_color__hover_enabled=\u00bboff\u00bb button_one_text_color__hover_enabled=\u00bboff\u00bb button_two_text_color__hover_enabled=\u00bboff\u00bb button_border_width__hover_enabled=\u00bboff\u00bb button_one_border_width__hover_enabled=\u00bboff\u00bb button_two_border_width__hover_enabled=\u00bboff\u00bb button_border_color__hover_enabled=\u00bboff\u00bb button_one_border_color__hover_enabled=\u00bboff\u00bb button_two_border_color__hover_enabled=\u00bboff\u00bb button_border_radius__hover_enabled=\u00bboff\u00bb button_one_border_radius__hover_enabled=\u00bboff\u00bb button_two_border_radius__hover_enabled=\u00bboff\u00bb button_letter_spacing__hover_enabled=\u00bboff\u00bb button_one_letter_spacing__hover_enabled=\u00bboff\u00bb button_two_letter_spacing__hover_enabled=\u00bboff\u00bb button_bg_color__hover_enabled=\u00bboff\u00bb button_one_bg_color__hover_enabled=\u00bboff\u00bb button_two_bg_color__hover_enabled=\u00bboff\u00bb][\/et_pb_contact_field][et_pb_contact_field field_id=\u00bbPol\u00edticas\u00bb field_title=\u00bbAutomotriz del Sur\u00bb field_type=\u00bbcheckbox\u00bb checkbox_options=\u00bb%91{%22value%22:%22He le\u00eddo y acepto la%22,%22checked%22:0,%22dragID%22:-1,%22link_text%22:%22pol\u00edtica de tratamiento de datos personales%22,%22link_url%22:%22https:\/\/automotrizdelsur.com\/wp-content\/uploads\/2020\/11\/MANUAL-DE-POLITICAS-DE-PROTECCION-DE-DATOS-PERSONALES-AUTOMOTRIZ-05-DE-NOVIEMBRE-2020-v9.pdf%22}%93&#8243; fullwidth_field=\u00bbon\u00bb _builder_version=\u00bb4.4.8&#8243; hover_enabled=\u00bb0&#8243;][\/et_pb_contact_field][\/et_pb_contact_form][\/et_pb_column][\/et_pb_row][\/et_pb_section]<\/p>\n","protected":false},"excerpt":{"rendered":"<p>Agenda tu Test drive Mazda Un asesor de Automotriz del Sur te contactar\u00e1.(Aplica s\u00f3lo para los veh\u00edculos Mazda 3 &#8211; Mazda CX- 5 Mazda CX-30)<\/p>\n","protected":false},"author":1,"featured_media":0,"parent":0,"menu_order":0,"comment_status":"closed","ping_status":"closed","template":"","meta":{"_et_pb_use_builder":"on","_et_pb_old_content":"","_et_gb_content_width":"","footnotes":""},"class_list":["post-2098","page","type-page","status-publish","hentry"],"_links":{"self":[{"href":"https:\/\/automotrizdelsur.com\/mazda\/wp-json\/wp\/v2\/pages\/2098","targetHints":{"allow":["GET"]}}],"collection":[{"href":"https:\/\/automotrizdelsur.com\/mazda\/wp-json\/wp\/v2\/pages"}],"about":[{"href":"https:\/\/automotrizdelsur.com\/mazda\/wp-json\/wp\/v2\/types\/page"}],"author":[{"embeddable":true,"href":"https:\/\/automotrizdelsur.com\/mazda\/wp-json\/wp\/v2\/users\/1"}],"replies":[{"embeddable":true,"href":"https:\/\/automotrizdelsur.com\/mazda\/wp-json\/wp\/v2\/comments?post=2098"}],"version-history":[{"count":20,"href":"https:\/\/automotrizdelsur.com\/mazda\/wp-json\/wp\/v2\/pages\/2098\/revisions"}],"predecessor-version":[{"id":4672,"href":"https:\/\/automotrizdelsur.com\/mazda\/wp-json\/wp\/v2\/pages\/2098\/revisions\/4672"}],"wp:attachment":[{"href":"https:\/\/automotrizdelsur.com\/mazda\/wp-json\/wp\/v2\/media?parent=2098"}],"curies":[{"name":"wp","href":"https:\/\/api.w.org\/{rel}","templated":true}]}}