{"id":2305,"date":"2020-05-16T18:09:12","date_gmt":"2020-05-16T18:09:12","guid":{"rendered":"http:\/\/automotrizdelsur.com\/mazda\/?page_id=2305"},"modified":"2023-10-11T18:03:08","modified_gmt":"2023-10-11T23:03:08","slug":"institucional","status":"publish","type":"page","link":"https:\/\/automotrizdelsur.com\/mazda\/institucional\/","title":{"rendered":"Institucional"},"content":{"rendered":"<p>[et_pb_section fb_built=\u00bb1&#8243; _builder_version=\u00bb4.4.7&#8243; background_color=\u00bb#191919&#8243; width=\u00bb100%\u00bb max_width=\u00bb100%\u00bb min_height=\u00bb2387px\u00bb custom_margin=\u00bb||||false|false\u00bb custom_padding=\u00bb0px||0px||true|false\u00bb global_colors_info=\u00bb{}\u00bb][et_pb_row _builder_version=\u00bb4.4.4&#8243; width=\u00bb60%\u00bb max_width=\u00bb2560px\u00bb custom_padding=\u00bb74px||0px||false|false\u00bb global_colors_info=\u00bb{}\u00bb][et_pb_column type=\u00bb4_4&#8243; _builder_version=\u00bb4.4.4&#8243; global_colors_info=\u00bb{}\u00bb][et_pb_slider _builder_version=\u00bb4.14.8&#8243; background_color=\u00bbrgba(0,0,0,0)\u00bb background_enable_image=\u00bboff\u00bb min_height_tablet=\u00bb\u00bb min_height_phone=\u00bb100px\u00bb min_height_last_edited=\u00bbon|phone\u00bb height_tablet=\u00bb\u00bb height_phone=\u00bb202px\u00bb height_last_edited=\u00bbon|phone\u00bb custom_padding=\u00bb||358px|||\u00bb global_colors_info=\u00bb{}\u00bb][et_pb_slide _builder_version=\u00bb4.14.8&#8243; background_color=\u00bbrgba(0,0,0,0)\u00bb background_enable_color=\u00bbon\u00bb background_image=\u00bbhttps:\/\/automotrizdelsur.com\/mazda\/wp-content\/uploads\/2022\/10\/Automotriz-del-sur-Mazda-Institucional.jpeg\u00bb background_enable_image=\u00bbon\u00bb global_colors_info=\u00bb{}\u00bb sticky_transition=\u00bbon\u00bb][\/et_pb_slide][\/et_pb_slider][\/et_pb_column][\/et_pb_row][et_pb_row _builder_version=\u00bb4.4.4&#8243; width=\u00bb60%\u00bb global_colors_info=\u00bb{}\u00bb][et_pb_column type=\u00bb4_4&#8243; _builder_version=\u00bb4.4.4&#8243; global_colors_info=\u00bb{}\u00bb][et_pb_text _builder_version=\u00bb4.4.7&#8243; header_2_font=\u00bbMazda Medium||||||||\u00bb header_2_text_color=\u00bb#d6d6d6&#8243; custom_padding=\u00bb53px|||||\u00bb global_colors_info=\u00bb{}\u00bb]<\/p>\n<h2 class=\" box-header\" style=\"text-align: center;\">Rese\u00f1a Hist\u00f3rica<\/h2>\n<p>[\/et_pb_text][et_pb_text _builder_version=\u00bb4.4.7&#8243; text_font=\u00bbMazda Medium||||||||\u00bb text_text_color=\u00bb#8f8f8f\u00bb global_colors_info=\u00bb{}\u00bb]<\/p>\n<p><strong>Automotriz del Sur S.A.S<\/strong>\u00a0nace a partir de la iniciativa de un grupo de empresarios nari\u00f1enses visionarios que han encontrado en nuestra regi\u00f3n, un lugar con potencial para crecer y explorar a nivel comercial y que le apostaron a la comercializaci\u00f3n de veh\u00edculos nuevos de las marcas Mazda y Ford, con reconocimiento a nivel mundial para que las familias de nuestra regi\u00f3n cuenten con la posibilidad de disfrutar de veh\u00edculos nuevos, confortables y con excelentes garant\u00edas de calidad.<u><\/u><u><\/u><\/p>\n<p>Las pol\u00edticas empresariales de la organizaci\u00f3n se ha caracterizado por el valor primordial al talento humano que conforma la empresa, preocupados siempre por el bienestar de los trabajadores con formas de vinculaci\u00f3n laboral que garantizan estabilidad, crecimiento personal y profesional siendo una gran plataforma de formaci\u00f3n y aprendizaje. Seguros de continuar creciendo y mejorando sus procedimientos a nivel interno, la empresa le apuesta y cree en las nuevas propuestas que para ello se puedan generar, convencida de la gran relevancia que tiene para la empresa y la Regi\u00f3n, el trabajo de cada uno de sus colaboradores al interior de la organizaci\u00f3n.<\/p>\n<p>[\/et_pb_text][\/et_pb_column][\/et_pb_row][et_pb_row column_structure=\u00bb1_2,1_2&#8243; _builder_version=\u00bb4.4.4&#8243; width=\u00bb60%\u00bb custom_margin=\u00bb0px||0px||true|false\u00bb custom_padding=\u00bb38px||38px||true|\u00bb global_colors_info=\u00bb{}\u00bb][et_pb_column type=\u00bb1_2&#8243; _builder_version=\u00bb4.4.4&#8243; custom_padding=\u00bb40px||11px||false|false\u00bb global_colors_info=\u00bb{}\u00bb][et_pb_text _builder_version=\u00bb4.4.7&#8243; text_font=\u00bbMazda Medium||||||||\u00bb text_text_color=\u00bb#8f8f8f\u00bb header_2_font=\u00bbMazda Medium||||||||\u00bb header_2_text_color=\u00bb#d6d6d6&#8243; global_colors_info=\u00bb{}\u00bb]<\/p>\n<h2 class=\" box-header\">Misi\u00f3n<\/h2>\n<p><span>Somos una empresa dedicada a la comercializaci\u00f3n de veh\u00edculos, partes, accesorios y servicios de mec\u00e1nica automotriz, l\u00e1mina y pintura de alta calidad, de las marcas Mazda y Ford. Sustentamos nuestro trabajo en el profesionalismo y calidad humana de nuestro personal competente, buscando satisfacer permanentemente las necesidades del cliente, as\u00ed como la sostenibilidad, confiabilidad y rentabilidad de nuestras operaciones. De igual manera, buscamos establecer y mantener una relaci\u00f3n de negocios de beneficio mutuo con los fabricantes de veh\u00edculos, reconocidos a nivel mundial.<\/span><\/p>\n<p>[\/et_pb_text][\/et_pb_column][et_pb_column type=\u00bb1_2&#8243; _builder_version=\u00bb4.4.4&#8243; global_colors_info=\u00bb{}\u00bb][et_pb_image src=\u00bbhttps:\/\/automotrizdelsur.com\/mazda\/wp-content\/uploads\/2020\/06\/SERVICIOS-MAZDA-1.jpg\u00bb title_text=\u00bbSERVICIOS-MAZDA\u00bb _builder_version=\u00bb4.4.8&#8243; background_color=\u00bb#ffffff\u00bb global_colors_info=\u00bb{}\u00bb][\/et_pb_image][\/et_pb_column][\/et_pb_row][et_pb_row column_structure=\u00bb1_2,1_2&#8243; _builder_version=\u00bb4.4.4&#8243; width=\u00bb60%\u00bb custom_margin=\u00bb0px||0px||true|false\u00bb custom_padding=\u00bb38px||38px||true|\u00bb global_colors_info=\u00bb{}\u00bb][et_pb_column type=\u00bb1_2&#8243; _builder_version=\u00bb4.4.4&#8243; global_colors_info=\u00bb{}\u00bb][et_pb_image src=\u00bbhttps:\/\/automotrizdelsur.com\/mazda\/wp-content\/uploads\/2020\/07\/institucional-1.jpg\u00bb title_text=\u00bbinstitucional (1)\u00bb _builder_version=\u00bb4.4.8&#8243; background_color=\u00bb#ffffff\u00bb global_colors_info=\u00bb{}\u00bb][\/et_pb_image][\/et_pb_column][et_pb_column type=\u00bb1_2&#8243; _builder_version=\u00bb4.4.4&#8243; custom_padding=\u00bb40px||11px||false|false\u00bb global_colors_info=\u00bb{}\u00bb][et_pb_text _builder_version=\u00bb4.4.8&#8243; text_font=\u00bbMazda Medium||||||||\u00bb text_text_color=\u00bb#8f8f8f\u00bb header_2_font=\u00bbMazda Medium||||||||\u00bb header_2_text_color=\u00bb#d6d6d6&#8243; global_colors_info=\u00bb{}\u00bb]<\/p>\n<h2 class=\" box-header\">Visi\u00f3n<\/h2>\n<p><span>Nos proyectamos para el a\u00f1o 2025, ser reconocidos como el concesionario de veh\u00edculos m\u00e1s importante de nuestra regi\u00f3n, cumpliendo con los est\u00e1ndares de las marcas en sus procesos y servicios especializados, garantizando la satisfacci\u00f3n de nuestros clientes, asegurando la calidad en todas las \u00e1reas de nuestra organizaci\u00f3n, soportada en el uso eficiente de tecnolog\u00edas, infraestructura y operaciones, permitiendo adem\u00e1s proporcionar valor agregado en la generaci\u00f3n de demanda, apoyo y desarrollo de las marcas.<\/span><\/p>\n<p><span><strong>\u2022\u00a0<\/strong>Por nuestro valor agregado en Generaci\u00f3n de Demanda, Apoyo y Desarrollo de las marcas.\u00a0<\/span><\/p>\n<p><span><strong>\u2022 <\/strong><\/span><span>Por la estructura y servicio en las \u00e1reas de nuestra organizaci\u00f3n.\u00a0<\/span><\/p>\n<p><span><strong>\u2022\u00a0<\/strong><\/span><span>Por el uso de tecnolog\u00eda en nuestra infraestructura y operaciones.<\/span><\/p>\n<p><span><\/span><\/p>\n<p>&nbsp;<\/p>\n<p>[\/et_pb_text][\/et_pb_column][\/et_pb_row][et_pb_row column_structure=\u00bb1_2,1_2&#8243; _builder_version=\u00bb4.4.7&#8243; width=\u00bb60%\u00bb custom_margin=\u00bb0px||0px||true|false\u00bb custom_padding=\u00bb35px||10px||false|false\u00bb global_colors_info=\u00bb{}\u00bb][et_pb_column type=\u00bb1_2&#8243; _builder_version=\u00bb4.4.4&#8243; custom_padding=\u00bb40px||11px||false|false\u00bb global_colors_info=\u00bb{}\u00bb][et_pb_text _builder_version=\u00bb4.4.7&#8243; text_font=\u00bbMazda Medium||||||||\u00bb text_text_color=\u00bb#8f8f8f\u00bb header_2_font=\u00bbMazda Medium||||||||\u00bb header_2_text_color=\u00bb#d6d6d6&#8243; global_colors_info=\u00bb{}\u00bb]<\/p>\n<h2 class=\" box-header\">Politicas de calidad<\/h2>\n<p><span>Automotriz del Sur S.A.S como representante oficial de las marcas Mazda y Ford en el departamento de Nari\u00f1o, se apoya en el talento humano competente y se fundamenta en el mejoramiento continuo de los procesos del negocio, en el fortalecimiento de una cultura de calidad y servicio al cliente y en la optimizaci\u00f3n de los recursos, identificando y aplicando las mejores pr\u00e1cticas de negocios, de seguridad y salud en el trabajo, dentro de un marco de \u00e9tica, transparencia y responsabilidad social.<\/span><\/p>\n<p>[\/et_pb_text][\/et_pb_column][et_pb_column type=\u00bb1_2&#8243; _builder_version=\u00bb4.4.4&#8243; global_colors_info=\u00bb{}\u00bb][et_pb_image src=\u00bbhttps:\/\/automotrizdelsur.com\/mazda\/wp-content\/uploads\/2020\/05\/garantia-2.jpg\u00bb title_text=\u00bbgarantia\u00bb _builder_version=\u00bb4.4.8&#8243; global_colors_info=\u00bb{}\u00bb][\/et_pb_image][\/et_pb_column][\/et_pb_row][\/et_pb_section][et_pb_section fb_built=\u00bb1&#8243; _builder_version=\u00bb4.4.8&#8243; global_colors_info=\u00bb{}\u00bb][et_pb_row _builder_version=\u00bb4.4.8&#8243; custom_padding=\u00bb||51px|||\u00bb global_colors_info=\u00bb{}\u00bb][et_pb_column type=\u00bb4_4&#8243; _builder_version=\u00bb4.4.8&#8243; global_colors_info=\u00bb{}\u00bb][et_pb_cta button_text=\u00bbConozca nuestra pol\u00edtica de tratamiento de datos personales\u00bb admin_label=\u00bbFeature 01&#8243; _builder_version=\u00bb4.4.8&#8243; header_font=\u00bbFord Antenna LIGHT||||||||\u00bb header_text_align=\u00bbcenter\u00bb header_text_color=\u00bb#474747&#8243; header_font_size=\u00bb36&#8243; header_line_height=\u00bb1.4em\u00bb body_font=\u00bbFord Antenna LIGHT||||||||\u00bb body_font_size=\u00bb16&#8243; body_line_height=\u00bb1.9em\u00bb use_background_color=\u00bboff\u00bb button_letter_spacing=\u00bb0px\u00bb background_layout=\u00bblight\u00bb max_width=\u00bb450px\u00bb module_alignment=\u00bbcenter\u00bb custom_margin=\u00bb10px||11px|0px|false|false\u00bb custom_padding=\u00bb0px||0px||false|false\u00bb animation_style=\u00bbfold\u00bb animation_direction=\u00bbbottom\u00bb animation_intensity_fold=\u00bb15%\u00bb border_radii=\u00bboff|10px|10px|10px|10px\u00bb button_text_color_hover=\u00bb#6eba01&#8243; button_border_color_hover=\u00bb#6eba01&#8243; button_border_radius_hover=\u00bb0&#8243; button_letter_spacing_hover=\u00bb2&#8243; button_bg_color_hover=\u00bbrgba(0,0,0,0)\u00bb locked=\u00bboff\u00bb global_colors_info=\u00bb{}\u00bb button_one_text_size__hover_enabled=\u00bboff\u00bb button_two_text_size__hover_enabled=\u00bboff\u00bb button_one_text_color__hover_enabled=\u00bboff\u00bb button_two_text_color__hover_enabled=\u00bboff\u00bb button_one_border_width__hover_enabled=\u00bboff\u00bb button_two_border_width__hover_enabled=\u00bboff\u00bb button_one_border_color__hover_enabled=\u00bboff\u00bb button_two_border_color__hover_enabled=\u00bboff\u00bb button_one_border_radius__hover_enabled=\u00bboff\u00bb button_two_border_radius__hover_enabled=\u00bboff\u00bb button_one_letter_spacing__hover_enabled=\u00bboff\u00bb button_two_letter_spacing__hover_enabled=\u00bboff\u00bb button_one_bg_color__hover_enabled=\u00bboff\u00bb button_two_bg_color__hover_enabled=\u00bboff\u00bb button_border_radius__hover_enabled=\u00bbon|hover\u00bb button_border_radius__hover=\u00bb0px\u00bb button_letter_spacing__hover_enabled=\u00bbon|hover\u00bb button_letter_spacing__hover=\u00bb1px\u00bb button_text_color__hover_enabled=\u00bbon|desktop\u00bb button_text_color__hover=\u00bb#ffffff\u00bb button_bg_color__hover=\u00bb#910a2d\u00bb button_bg_color__hover_enabled=\u00bbon|hover\u00bb button_border_width__hover_enabled=\u00bbon|hover\u00bb button_border_color__hover=\u00bb#6eba01&#8243; button_border_color__hover_enabled=\u00bbon\u00bb][\/et_pb_cta][et_pb_button button_url=\u00bbhttps:\/\/automotrizdelsur.com\/mazda\/wp-content\/uploads\/2023\/07\/MANUAL-DE-POLITICAS-DE-PROTECCION-DE-DATOS-PERSONALES-AUTOMOTRIZ-01-DE-JULIO-2023-v13-1.pdf\u00bb button_text=\u00bbConozca nuestra pol\u00edtica de tratamiento de datos personales\u00bb button_alignment=\u00bbcenter\u00bb _builder_version=\u00bb4.14.8&#8243; custom_button=\u00bbon\u00bb button_text_color=\u00bb#ffffff\u00bb button_bg_color=\u00bb#1e1e1e\u00bb button_border_width=\u00bb0px\u00bb button_border_radius=\u00bb3px\u00bb button_font=\u00bbMazda Medium||||||||\u00bb button_use_icon=\u00bboff\u00bb hover_enabled=\u00bb0&#8243; button_letter_spacing_last_edited=\u00bboff|desktop\u00bb global_colors_info=\u00bb{}\u00bb button_letter_spacing__hover_enabled=\u00bbon|hover\u00bb button_letter_spacing__hover=\u00bb1px\u00bb button_bg_color__hover_enabled=\u00bbon|hover\u00bb button_bg_color__hover=\u00bb#910a2d\u00bb button_bg_enable_color__hover=\u00bbon\u00bb sticky_enabled=\u00bb0&#8243;][\/et_pb_button][\/et_pb_column][\/et_pb_row][\/et_pb_section]<\/p>\n","protected":false},"excerpt":{"rendered":"<p>Rese\u00f1a Hist\u00f3ricaAutomotriz del Sur S.A.S\u00a0nace a partir de la iniciativa de un grupo de empresarios nari\u00f1enses visionarios que han encontrado en nuestra regi\u00f3n, un lugar con potencial para crecer y explorar a nivel comercial y que le apostaron a la comercializaci\u00f3n de veh\u00edculos nuevos de las marcas Mazda y Ford, con reconocimiento a nivel mundial [&hellip;]<\/p>\n","protected":false},"author":1,"featured_media":0,"parent":0,"menu_order":0,"comment_status":"closed","ping_status":"closed","template":"","meta":{"_et_pb_use_builder":"on","_et_pb_old_content":"","_et_gb_content_width":"","footnotes":""},"class_list":["post-2305","page","type-page","status-publish","hentry"],"_links":{"self":[{"href":"https:\/\/automotrizdelsur.com\/mazda\/wp-json\/wp\/v2\/pages\/2305","targetHints":{"allow":["GET"]}}],"collection":[{"href":"https:\/\/automotrizdelsur.com\/mazda\/wp-json\/wp\/v2\/pages"}],"about":[{"href":"https:\/\/automotrizdelsur.com\/mazda\/wp-json\/wp\/v2\/types\/page"}],"author":[{"embeddable":true,"href":"https:\/\/automotrizdelsur.com\/mazda\/wp-json\/wp\/v2\/users\/1"}],"replies":[{"embeddable":true,"href":"https:\/\/automotrizdelsur.com\/mazda\/wp-json\/wp\/v2\/comments?post=2305"}],"version-history":[{"count":25,"href":"https:\/\/automotrizdelsur.com\/mazda\/wp-json\/wp\/v2\/pages\/2305\/revisions"}],"predecessor-version":[{"id":5494,"href":"https:\/\/automotrizdelsur.com\/mazda\/wp-json\/wp\/v2\/pages\/2305\/revisions\/5494"}],"wp:attachment":[{"href":"https:\/\/automotrizdelsur.com\/mazda\/wp-json\/wp\/v2\/media?parent=2305"}],"curies":[{"name":"wp","href":"https:\/\/api.w.org\/{rel}","templated":true}]}}